{"id":6611,"date":"2018-04-23T18:52:38","date_gmt":"2018-04-23T16:52:38","guid":{"rendered":"https:\/\/www.kessler-legal.de\/legal-notice\/"},"modified":"2021-12-08T13:23:27","modified_gmt":"2021-12-08T12:23:27","slug":"impressum","status":"publish","type":"page","link":"https:\/\/www.kessler-legal.de\/de\/impressum\/","title":{"rendered":"Impressum"},"content":{"rendered":"<section class=\"brando_row_1524502293-2-62\"><div class=\"container\"><div class=\"row\"><div class=\"wpb_column brando-column-container  vc_col-sm-12 col-xs-mobile-fullwidth\" data-front-class=\"brando-column-container  col-xs-mobile-fullwidth\"><div class=\"vc-column-innner-wrapper\"><div class=\"wpd-innner-wrapper\"><div class=\"brando_text_1524502304-2-44\"><p><strong><br \/>\nRechtsanwalt Dr. Clemens Kessler<br \/>\nSchwanenhof 3<br \/>\n97070 W\u00fcrzburg<br \/>\nTel: +49 931 7 47 17<br \/>\nFax: +49 931 7 47 12<br \/>\nmail@kessler-kaiser.de<br \/>\nUmsatzsteuer-ID: DE 28 77 44 61 3<\/strong><\/p>\n<p>&nbsp;<\/p>\n<p>Die Rechtsanw\u00e4lte Dr. Clemens Kessler und Florian Kaiser sowie der angestellte Rechtsanwalt Sven Elter, angestellt bei Rechtsanwalt Dr. Clemens Kessler, sind als Rechtsanw\u00e4lte in Deutschland bei der Rechtsanwaltskammer Bamberg zugelassen.<\/p>\n<p>F\u00fcr Rechtsanw\u00e4lte gelten die folgenden berufsst\u00e4ndischen Regelungen:<br \/>\nBundesrechtsanwaltsordnung, Berufsordnung f\u00fcr Rechtsanw\u00e4lte, Rechtsanwaltsverg\u00fctungsgesetz, Berufsregeln der Rechtsanw\u00e4lte der Europ\u00e4ischen Gemeinschaft, Fachanwaltsordnung.<\/p>\n<p>Die berufsrechtlichen Regelungen k\u00f6nnen \u00fcber die Homepage der Bundesrechtsanwaltskammer <a href=\"https:\/\/www.brak.de\/fuer-anwaelte\/berufsrecht\/\">www.brak.de<\/a> in der Rubrik \u201eBerufsrecht\u201c auf Deutsch und Englisch eingesehen und abgerufen werden.<\/p>\n<p>Rechtsanwalt Dr. Kessler und Rechtsanwalt Sven Elter sind jeweils bei der HDI Versicherung AG, 30650 Hannover berufshaftpflichtversichert. Rechtsanwalt Florian Kaiser ist bei der R+V Allgemeine Versicherung AG, Raiffeisenplatz 1, 65189 Wiesbaden berufshaftpflichtversichert.<\/p>\n<p>Der r\u00e4umliche Geltungsbereich des Versicherungsschutzes umfasst T\u00e4tigkeiten in den Mitgliedstaaten der Europ\u00e4ischen Union.<\/p>\n<p>Die Europ\u00e4ische Kommission stellt eine Plattform zur Online-Streitbeilegung bereit, die Sie unter <a href=\"https:\/\/ec.europa.eu\/consumers\/odr\/\">ec.europa.eu\/consumers\/odr\/<\/a> finden.<\/p>\n<p>Die Anw\u00e4lte nehmen nicht an Streitbeilegungsverfahren vor einer Verbraucherschlichtungsstelle teil.<\/p>\n<\/div><\/div><\/div><\/div><\/div><\/div><\/section>","protected":false},"excerpt":{"rendered":"<p>Rechtsanwalt Dr. Clemens Kessler Schwanenhof 3 97070 W\u00fcrzburg Tel: +49 931 7 47 17 Fax: +49 931 7 47 12 mail@kessler-kaiser.de Umsatzsteuer-ID: DE 28 77 44 61 3 &nbsp; Die Rechtsanw\u00e4lte Dr. Clemens Kessler und Florian Kaiser sowie der angestellte Rechtsanwalt Sven Elter, angestellt bei Rechtsanwalt Dr. Clemens Kessler, sind als Rechtsanw\u00e4lte in Deutschland bei [&hellip;]<\/p>\n","protected":false},"author":1,"featured_media":0,"parent":0,"menu_order":0,"comment_status":"closed","ping_status":"closed","template":"","meta":[],"_links":{"self":[{"href":"https:\/\/www.kessler-legal.de\/de\/wp-json\/wp\/v2\/pages\/6611"}],"collection":[{"href":"https:\/\/www.kessler-legal.de\/de\/wp-json\/wp\/v2\/pages"}],"about":[{"href":"https:\/\/www.kessler-legal.de\/de\/wp-json\/wp\/v2\/types\/page"}],"author":[{"embeddable":true,"href":"https:\/\/www.kessler-legal.de\/de\/wp-json\/wp\/v2\/users\/1"}],"replies":[{"embeddable":true,"href":"https:\/\/www.kessler-legal.de\/de\/wp-json\/wp\/v2\/comments?post=6611"}],"version-history":[{"count":12,"href":"https:\/\/www.kessler-legal.de\/de\/wp-json\/wp\/v2\/pages\/6611\/revisions"}],"predecessor-version":[{"id":7178,"href":"https:\/\/www.kessler-legal.de\/de\/wp-json\/wp\/v2\/pages\/6611\/revisions\/7178"}],"wp:attachment":[{"href":"https:\/\/www.kessler-legal.de\/de\/wp-json\/wp\/v2\/media?parent=6611"}],"curies":[{"name":"wp","href":"https:\/\/api.w.org\/{rel}","templated":true}]}}