{"id":6614,"date":"2018-04-23T18:57:24","date_gmt":"2018-04-23T16:57:24","guid":{"rendered":"https:\/\/www.kessler-legal.de\/privacy-statement\/"},"modified":"2021-12-08T13:23:14","modified_gmt":"2021-12-08T12:23:14","slug":"datenschutz","status":"publish","type":"page","link":"https:\/\/www.kessler-legal.de\/de\/datenschutz\/","title":{"rendered":"Datenschutz"},"content":{"rendered":"<section class=\"brando_row_1524502293-2-62\"><div class=\"container\"><div class=\"row\"><div class=\"wpb_column brando-column-container  vc_col-sm-12 col-xs-mobile-fullwidth\" data-front-class=\"brando-column-container  col-xs-mobile-fullwidth\"><div class=\"vc-column-innner-wrapper\"><div class=\"wpd-innner-wrapper\"><div class=\"brando_text_1524502304-2-44\"><h4>1. Name und Anschrift des f\u00fcr die Verarbeitung Verantwortlichen<\/h4>\n<p>Verantwortlicher im Sinne der Datenschutz-Grundverordnung, sonstiger in den Mitgliedstaaten der Europ\u00e4ischen Union geltenden Datenschutzgesetze und anderer Bestimmungen mit datenschutzrechtlichem Charakter ist die Rechtsanwaltskanzlei:<\/p>\n<p><strong>Rechtsanwalt Dr. Clemens Kessler<br \/>\nSchwanenhof 3<br \/>\n97070 W\u00fcrzburg<br \/>\nDeutschland<br \/>\nTelefon: +49 (0)931.74717<br \/>\nFax: +49 (0) 931-74712<br \/>\nEmail: mail@kessler-kaiser.de<br \/>\n<\/strong><\/p>\n<p>Im folgenden auch Kanzlei genannt.<\/p>\n<p>&nbsp;<\/p>\n<h4>2. Erhebung und Speicherung personenbezogener Daten sowie Art und Zweck von deren Verwendung<\/h4>\n<p>a) Beim Besuch dieser Seite<\/p>\n<p>Beim Aufrufen unserer Website werden durch den auf Ihrem Endger\u00e4t zum Einsatz kommenden Browser automatisch Informationen an den Server unserer Website gesendet. Diese Informationen werden tempor\u00e4r in einem sog. Logfile gespeichert. Folgende Informationen werden dabei ohne Ihr Zutun erfasst und bis zur automatisierten L\u00f6schung gespeichert:<\/p>\n<p>- IP-Adresse des anfragenden Rechners,<br \/>\n- Datum und Uhrzeit des Zugriffs,<br \/>\n-Name und URL der abgerufenen Datei,<br \/>\n- Website, von der aus der Zugriff erfolgt (Referrer-URL),<br \/>\n- verwendeter Browser und ggf. das Betriebssystem Ihres Rechners sowie der Name Ihres Access-Providers.<\/p>\n<p>Die genannten Daten werden durch uns zu folgenden Zwecken verarbeitet:<br \/>\n- Gew\u00e4hrleistung eines reibungslosen Verbindungsaufbaus der Website,<br \/>\n- Gew\u00e4hrleistung einer komfortablen Nutzung unserer Website,<br \/>\n- Auswertung der Systemsicherheit und -stabilit\u00e4t sowie<br \/>\n- zu weiteren administrativen Zwecken.<\/p>\n<p>Die Rechtsgrundlage f\u00fcr die Datenverarbeitung ist Art. 6 Abs. 1 S. 1 lit. f DSGVO. Unser berechtigtes Interesse folgt aus oben aufgelisteten Zwecken zur Datenerhebung. In keinem Fall verwenden wir die erhobenen Daten zu dem Zweck, R\u00fcckschl\u00fcsse auf Ihre Person zu ziehen.<\/p>\n<p>Dar\u00fcber hinaus setzen wir beim Besuch unserer Website Cookies sowie Analysedienste ein. N\u00e4here Erl\u00e4uterungen dazu erhalten Sie unter den Ziff. 3 und 4 dieser Datenschutzerkl\u00e4rung.<\/p>\n<p>b) Beim Senden einer E-Mail an uns<\/p>\n<p>Bei Fragen jeglicher Art bieten wir Ihnen die M\u00f6glichkeit, mit uns \u00fcber E-Mail Kontakt aufzunehmen.<\/p>\n<p>Die Datenverarbeitung zum Zwecke der Kontaktaufnahme mit uns erfolgt nach Art. 6 Abs. 1 S. 1 lit. a DSGVO auf Grundlage Ihrer freiwillig erteilten Einwilligung.<\/p>\n<p>c) Bei Nutzung des Kontaktformulars<br \/>\nBei Fragen jeglicher Art bieten wir Ihnen die M\u00f6glichkeit, mit uns \u00fcber ein auf der Website bereitgestelltes Formular Kontakt aufzunehmen. Dabei ist die Angabe einer g\u00fcltigen E-Mail-Adresse erforderlich, damit wir wissen, von wem die Anfrage stammt und um diese beantworten zu k\u00f6nnen. Weitere Angaben k\u00f6nnen freiwillig get\u00e4tigt werden. Die Datenverarbeitung zum Zwecke der Kontaktaufnahme mit uns erfolgt nach Art.6 Abs.1 S.1 lit. a DSGVO auf Grundlage Ihrer freiwillig erteilten Einwilligung. Die f\u00fcr die Benutzung des Kontaktformulars von uns erhobenen personenbezogenen Daten werden nach Erledigung der von Ihnen gestellten Anfrage automatisch gel\u00f6scht.<\/p>\n<p>&nbsp;<\/p>\n<h4>3. Weitergabe von personenebezogenen Daten<\/h4>\n<p>Eine \u00dcbermittlung Ihrer pers\u00f6nlichen Daten an Dritte zu anderen als den im Folgenden aufgef\u00fchrten Zwecken findet nicht statt. Wir geben Ihre pers\u00f6nlichen Daten nur an Dritte weiter, wenn:<\/p>\n<p>- Sie Ihre nach Art. 6 Abs. 1 S. 1 lit. a DSGVO ausdr\u00fcckliche Einwilligung dazu erteilt haben,<br \/>\n- die Weitergabe nach Art. 6 Abs. 1 S. 1 lit. f DSGVO zur Geltendmachung, Aus\u00fcbung oder Verteidigung von Rechtsanspr\u00fcchen erforderlich ist und kein Grund zur Annahme besteht, dass Sie ein \u00fcberwiegendes schutzw\u00fcrdiges Interesse an der Nichtweitergabe Ihrer Daten haben,<br \/>\n- f\u00fcr den Fall, dass f\u00fcr die Weitergabe nach Art. 6 Abs. 1 S. 1 lit. c DSGVO eine gesetzliche Verpflichtung besteht, sowie<br \/>\n- dies gesetzlich zul\u00e4ssig und nach Art. 6 Abs. 1 S. 1 lit. b DSGVO f\u00fcr die Abwicklung von Vertragsverh\u00e4ltnissen mit Ihnen erforderlich ist.<\/p>\n<p>&nbsp;<\/p>\n<h4>4. Cookies<\/h4>\n<p>F\u00fcr den Betrieb der Webseite nutzen wir Cookies. Dies sind Dateien, die ihr Browser bei Besuch unserer Webseite auf ihrem Endger\u00e4t speichert. Sie dienen der Speicherung von Daten Ihres Besuchs und zur Wiedererkennung wie auch zur statistischen Erfassung, Verbesserung und Gew\u00e4hrleistung des Betriebes unserer Webseite.<\/p>\n<p>Die meisten Browser akzeptieren Cookies automatisch. Sie k\u00f6nnen Ihren Browser jedoch so konfigurieren, dass keine Cookies auf Ihrem Computer gespeichert werden oder stets ein Hinweis erscheint, bevor ein neuer Cookie angelegt wird. Die vollst\u00e4ndige Deaktivierung von Cookies kann jedoch dazu f\u00fchren, dass Sie nicht alle Funktionen unserer Website nutzen k\u00f6nnen.<\/p>\n<p>Wir unterscheiden hierbei zwischen technisch notwendigen Cookies, die den Betrieb der Webseiten \u00fcberhaupt erst erm\u00f6glichen und freiwilligen Cookies. Das Setzen der freiwilligen Cookies erfolgt ausschlie\u00dflich mit Ihrer Einwilligung. Bitte beachten Sie, dass, wenn Sie nur die technisch notwendigen Cookies zulassen, manche Funktionalit\u00e4ten der Webseiten nur eingeschr\u00e4nkt oder nicht verwendbar sind.<\/p>\n<p>&nbsp;<\/p>\n<p><strong>\u00a0<\/strong><strong>Technisch notwendige Cookies<\/strong><\/p>\n<p>Wir nutzen diese Daten bzw. die von uns eingesetzten technisch notwendigen Cookies, um unser Internetangebot insgesamt effektiver, sicherer und nutzerfreundlicher zu machen. Wir verwenden folgende technisch notwendige Cookies:<\/p>\n<table width=\"586\">\n<tbody>\n<tr>\n<td width=\"119\"><strong>Name des Cookies<\/strong><\/td>\n<td width=\"340\"><strong>Verwendungszweck<\/strong><\/td>\n<td width=\"126\"><strong>Ablauf des Cookies<\/strong><\/td>\n<\/tr>\n<tr>\n<td width=\"119\">borlabs-cookie<\/td>\n<td width=\"340\">Speichert die Einstellungen der Besucher, die in der Cookie Box von Borlabs Cookie ausgew\u00e4hlt wurden.<\/td>\n<td width=\"126\">1 Jahr<\/td>\n<\/tr>\n<\/tbody>\n<\/table>\n<p>Es besteht f\u00fcr uns ein berechtigtes Interesse (Artikel 6 Abs. 1 lit. f DSGVO) an der Nutzung von Cookies. Dies gilt f\u00fcr Cookies, die zur Nutzung der Funktionen unserer Webseiten (z.B. Warenkorbfunktion) erforderlich sind, da diese f\u00fcr die Funktionalit\u00e4t und die bestm\u00f6gliche Bereitstellung unserer Dienste erforderlich sind.<\/p>\n<p>&nbsp;<\/p>\n<p><strong>\u00a0<\/strong><strong>Freiwillige Cookies<\/strong><\/p>\n<p>Dar\u00fcber hinaus f\u00fchren wir mit Hilfe der Cookies Webstatistiken. Mit Hilfe dieser Informationen werten wir die Wirksamkeit unserer Werbema\u00dfnahmen aus, verbessern unsere Marketingaktionen und stimmen unsere Warenangebote auf die Nutzer unserer Webseiten ab. Die Daten werden zu keinem Zeitpunkt mit Ihren personenbezogenen Daten zusammengef\u00fchrt.<\/p>\n<p><strong>Wir bieten Ihnen die M\u00f6glichkeit selbst zu entscheiden, welche Cookies zu welchen Zwecken wir setzen d\u00fcrfen.<\/strong><\/p>\n<p>Auf unseren Webseiten nutzen wir die nachfolgenden Arten von Cookies, in dem beschrieben Umfang mit den bezeichneten Funktionsweisen:<\/p>\n<table width=\"618\">\n<tbody>\n<tr>\n<td width=\"148\"><strong>Name des Cookies<\/strong><\/td>\n<td width=\"327\"><strong>Verwendungszweck<\/strong><\/td>\n<td width=\"143\"><strong>Ablauf des Cookies<\/strong><\/td>\n<\/tr>\n<tr>\n<td width=\"148\">_ga; _gid; _gat<\/td>\n<td width=\"327\"><strong>Google Analytics und Google Tag Manager der Google LLC. 1600 Amphitheatre Parkway, Mountain View, CA 94043 USA<\/strong><\/p>\n<p>Google Analytics ist ein Webanalysetool, mit dessen Hilfe wir die Anzahl der Besucher und deren Surfverhalten auf unseren Webseiten erfassen.<\/p>\n<p>N\u00e4here Informationen hierzu finden Sie unter <a href=\"http:\/\/www.google.com\/intl\/de\/analytics\/privacyoverview.html\">www.google.com\/intl\/de\/analytics\/privacyoverview.html<\/a> (allgemeine Informationen zu Google Analytics und Datenschutz). Wir weisen Sie darauf hin, dass auf diesen Webseiten Google Analytics um den Code \u201egat._anonymizeIp();\u201c erweitert wurde, um eine anonymisierte Erfassung von IP-Adressen (sog. IP-Masking) zu gew\u00e4hrleisten. Unter <a href=\"http:\/\/tools.google.com\/dlpage\/gaoptout\">tools.google.com\/dlpage\/gaoptout<\/a> finden Sie eine Anleitung zur Deaktivierung der Google Analytics Services.<\/td>\n<td width=\"143\">_ga: <em>24 Monate<\/em><\/p>\n<p>_gid: <em>24 Stunden<\/em><\/p>\n<p>_gat*: <em>1 Minute<br \/>\n<\/em><\/td>\n<\/tr>\n<\/tbody>\n<\/table>\n<p>Das Setzen der freiwilligen Cookies erfolgt ausschlie\u00dflich mit Ihrer Einwilligung (Artikel 6 Abs. 1 lit. a DS-GVO). Bitte beachten Sie, dass, wenn Sie nur die technisch notwendigen Cookies zulassen, manche Funktionalit\u00e4ten der Webseiten nur eingeschr\u00e4nkt oder nicht verwendbar sind.<\/p>\n<p>&nbsp;<\/p>\n<h4>5.Analyse Tools<\/h4>\n<p>Wir nutzen auf unseren Webseiten den Webanalysedienst Google Analytics des Anbieters GoogleLLC 1600 Amphitheatre Parkway, Mountain View, CA 94043 USA. Soweit Sie Ihren gew\u00f6hnlichen Aufenthalt im Europ\u00e4ischen Wirtschaftsraum oder der Schweiz haben, ist Google Ireland Limited (Gordon House, Barrow Street, Dublin 4, Irland) der f\u00fcr Ihre Daten zust\u00e4ndige Verantwortliche.<\/p>\n<p>Der Webanalysedienst Google Analytics erhebt und sammelt Daten \u00fcber das Nutzungsverhalten von Besuchern unserer Webseiten und wertet diese aus. Um die Webanalyse durchf\u00fchren zu k\u00f6nnen, werden durch Google Analytics Cookies von Ihrem Besuch unserer Webseiten auf dem von Ihnen genutzten Endger\u00e4t gespeichert. Mit jedem Aufruf einer unserer Webseiten (gleich ob Haupt- oder Unterseiten), auf der der Analysedienst integriert wurde, werden unter anderem die Verweildauer auf unseren einzelnen Webseiten, die von Ihnen besuchten Unterseiten unseres Onlineauftritts, die H\u00e4ufigkeit des Aufrufs unserer jeweiligen Seiten, die Herkunftsseite (Referrer), von welcher Sie auf unsere Webseiten gekommen sind, der Zugriffsort (also der Ort von dem aus Sie auf unsere Webseite zugegriffen haben) und die Zugriffszeit sowie die IP-Adresse des von Ihnen genutzten Endger\u00e4tes erhoben und gespeichert. Die erhobenen Daten werden von Google Analytics ausgewertet und die Ergebnisse uns im Rahmen eines Online-Reports zur Verf\u00fcgung gestellt.<\/p>\n<p>Zweck des Einsatzes von Google Analytics auf unseren Webseiten ist die Analyse der Besucherstr\u00f6me, der Herkunft der Besucher, Menge der Besucher, der Nutzungsdauer, um den Internetauftritt zu optimieren. Diese Informationen nutzen wir f\u00fcr die Optimierung unserer Webseiten und f\u00fcr die Kosten-Nutzen-Analyse der von uns eingesetzten Werbemittel. Durch die Analysen werden wir also in die Lage versetzt, unsere Webseiten und unsere Angebote anzupassen und f\u00fcr die Nutzer interessanter zu gestalten. Die Erhebung und Sammlung Ihrer Daten \u00fcber Ihr Nutzungsverhalten bei dem Besuch unserer Webseiten erfolgt aufgrund Ihrer Einwilligung zur Verarbeitung. Die Verarbeitung und Speicherung Ihrer Daten erfolgt auch in den USA. Die Daten werden daher ausschlie\u00dflich aufgrund Ihrer Einwilligung verarbeitet (Artikel 6 Abs. 1 lit. a DSGVO).<\/p>\n<p>Die zur Webanalyse erhobenen Daten, inklusive Ihrer IP-Adresse werden in der Regel an einen Server von Google in den USA \u00fcbertragen. Wir nutzen auf unseren Webseiten (sowohl auf unserer Hauptseite, als auch auf den Unterseiten) die IP-Adressenanonymisierung durch die Erweiterung \u201e_gat_anonymizeIp\u201c. Durch diese Zusatzfunktion werden die erhobenen IP-Adressen von Google vor der Weiterleitung in die USA innerhalb der Mitgliedsstaaten der Europ\u00e4ischen Union oder in einem Mitgliedsstaat des Abkommens \u00fcber den Europ\u00e4ischen Wirtschaftsraum gek\u00fcrzt. Durch die K\u00fcrzung der IP-Adresse kann ein Personenbezug nicht hergestellt werden. Die im Rahmen von Google Analytics von Ihrem Browser \u00fcbermittelte IP-Adresse wird nicht mit anderen Daten von Google zusammengef\u00fchrt.<\/p>\n<p>Die Erfassung Ihrer auf den Besuch unserer Webseiten bezogenen Daten (einschlie\u00dflich Ihrer IP-Adresse) durch das hierzu verwendete Cookie k\u00f6nnen Sie auch dadurch verhindern, dass sie das unter dem folgenden Link verf\u00fcgbare Browser-Plug-in herunterladen und installieren:<\/p>\n<p><a href=\"https:\/\/tools.google.com\/dlpage\/gaoptout\/\">https:\/\/tools.google.com\/dlpage\/gaoptout\/<\/a><\/p>\n<p>Dar\u00fcber hinaus k\u00f6nnen Sie in den Einstellungen der von Ihnen verwendeten Browsersoftware die Speicherung von Cookies verhindern. In diesem Zusammenhang weisen wir darauf hin, dass Sie gegebenenfalls nicht s\u00e4mtliche Funktionen unseres Internetauftritts vollumf\u00e4nglich werden nutzen k\u00f6nnen.<\/p>\n<p>Ferner besteht die M\u00f6glichkeit, die Erfassung der Daten durch Google Analytics zu verhindern, indem Sie unter folgendem Link ein Opt-Out-Cookie setzen, der die Erfassung Ihrer Daten bei zuk\u00fcnftigen Besuchen verhindert:<\/p>\n<\/div>[vc_raw_html]JTNDc2NyaXB0JTNFJTBBJTIwJTIwJTIwJTIwdmFyJTIwZ2FQcm9wZXJ0eSUyMCUzRCUyMCUyN1VBLTE3MzExODg0NS0xJTI3JTNCJTBBJTIwJTIwJTIwJTIwJTIwdmFyJTIwZGlzYWJsZVN0ciUyMCUzRCUyMCUyN2dhLWRpc2FibGUtJTI3JTIwJTJCJTIwZ2FQcm9wZXJ0eSUzQiUwQSUyMCUyMCUyMCUyMGlmJTIwJTI4ZG9jdW1lbnQuY29va2llLmluZGV4T2YlMjhkaXNhYmxlU3RyJTIwJTJCJTIwJTI3JTNEdHJ1ZSUyNyUyOSUyMCUzRSUyMC0xJTI5JTIwJTdCJTBBJTIwJTIwJTIwJTIwJTIwJTIwJTIwJTIwd2luZG93JTVCZGlzYWJsZVN0ciU1RCUyMCUzRCUyMHRydWUlM0IlMEElMjAlMjAlMjAlMjAlN0QlMEElMjAlMjAlMjAlMjAlMjAlMEElMjAlMjAlMjAlMjBmdW5jdGlvbiUyMGdhT3B0b3V0JTI4JTI5JTIwJTdCJTBBJTIwJTIwJTIwJTIwJTIwJTIwJTIwJTIwZG9jdW1lbnQuY29va2llJTIwJTNEJTIwZGlzYWJsZVN0ciUyMCUyQiUyMCUyNyUzRHRydWUlM0IlMjBleHBpcmVzJTNEVGh1JTJDJTIwMzElMjBEZWMlMjAyMDk5JTIwMjMlM0E1OSUzQTU5JTIwVVRDJTNCJTIwcGF0aCUzRCUyRiUyNyUzQiUwQSUyMCUyMCUyMCUyMCUyMCUyMCUyMCUyMHdpbmRvdyU1QmRpc2FibGVTdHIlNUQlMjAlM0QlMjB0cnVlJTNCJTBBJTIwJTIwJTIwJTIwJTdEJTBBJTNDJTJGc2NyaXB0JTNFJTBBJTNDYSUyMGNsYXNzJTNEJTIyaW5uZXItbGluayUyMGJyYW5kb19idXR0b25fMTYwMDA4NjAxMi0yLTYzJTIwaGlnaGxpZ2h0LWJ1dHRvbiUyMGJ0bi1zbWFsbCUyMGJ1dHRvbiUyMGJ0biUyMGFsdC1mb250JTIyJTIwb25jbGljayUzRCUyMmdhT3B0b3V0JTI4JTI5JTNCYWxlcnQlMjglMjdHb29nbGUlMjBBbmFseXRpY3MlMjB3dXJkZSUyMGRlYWt0aXZpZXJ0JTI3JTI5JTNCJTIyJTIwaHJlZiUzRCUyMiUyMyUyMiUzRUdvb2dsZSUyMEFuYWx5dGljcyUyMGRlYWt0aXZpZXJlbiUzQyUyRmElM0UlMEE=[\/vc_raw_html]<div class=\"brando_text_1524502304-2-44\"><p>Beachten Sie bitte, dass auch dieses Cookie bei der L\u00f6schung von Cookies gel\u00f6scht wird und daher nach einer L\u00f6schung von Cookies erneuert werden muss.<\/p>\n<p><strong>Die Einwilligung zur Datenverarbeitung k\u00f6nnen Sie jederzeit mit Wirkung f\u00fcr die Zukunft widerrufen. Ihr Widerruf f\u00fchrt nicht dazu, dass die Rechtm\u00e4\u00dfigkeit der Verarbeitung Ihrer personenbezogenen Daten bis zu Ihrem Widerruf entf\u00e4llt. <\/strong><strong>Zur Aus\u00fcbung Ihres Widerrufsrechts schreiben Sie uns einfach eine kurze E-Mail oder w\u00e4hlen Sie eine andere Form der Kontaktaufnahme. Die Kontaktdaten finden Sie in unserem Impressum bzw. zu Beginn dieser Erkl\u00e4rung.<\/strong><\/p>\n<p><strong>\u00a0<\/strong>Google Analytics bietet die Funktion \u201edemografische Merkmale\u201c, die wir auf unseren Webseiten nutzen. Die uns \u00fcbermittelten Analyseprotokolle enthalten Daten wie zum Beispiel das Alter, das Geschlecht, die Interessen der Seitenbesucher). Die Daten werden aus interessenbezogener Werbung sowie aus Besucherdaten von Drittanbietern gewonnen. Eine Zuordnung zu einer bestimmten Person ist nicht m\u00f6glich. Im Google-Konto k\u00f6nnen Sie die Funktion deaktivieren. Dar\u00fcber hinaus besteht auch hier die M\u00f6glichkeit, die Nutzung zu verhindern, indem Sie den Opt-Out-Cookie unter \u201eVerhinderung der Datenerfassung\u201c nutzen.<\/p>\n<p>Daten, die von Google auf Nutzer- und Ergebnisebene gespeichert werden, werden nach 26 Monaten automatisch gel\u00f6scht bzw. anonymisiert. Dies gilt f\u00fcr Daten, die mit Cookies, Nutzungserkennungen (z.B. User ID) und Werbe-IDs (z.B. DoubleClick-Cookies, Android-Werbe-ID, IDFA [Apple-Kennung f\u00fcr Werbetreibende]) verkn\u00fcpft sind. N\u00e4here Einzelheiten k\u00f6nnen Sie unter folgendem Link nachlesen:<a href=\"https:\/\/support.google.com\/analytics\/answer\/7667196?hl=de\">https:\/\/support.google.com\/analytics\/answer\/7667196?hl=de<\/a>.<\/p>\n<p>&nbsp;<\/p>\n<h4>6. Ihre Rechte<\/h4>\n<p>Sie haben das Recht:<\/p>\n<p>- gem\u00e4\u00df Art. 15 DSGVO Auskunft \u00fcber Ihre von uns verarbeiteten personenbezogenen Daten zu verlangen. Insbesondere k\u00f6nnen Sie Auskunft \u00fcber die Verarbeitungszwecke, die Kategorie der personenbezogenen Daten, die Kategorien von Empf\u00e4ngern, gegen\u00fcber denen Ihre Daten offengelegt wurden oder werden, die geplante Speicherdauer, das Bestehen eines Rechts auf Berichtigung, L\u00f6schung, Einschr\u00e4nkung der Verarbeitung oder Widerspruch, das Bestehen eines Beschwerderechts, die Herkunft ihrer Daten, sofern diese nicht bei uns erhoben wurden, sowie \u00fcber das Bestehen einer automatisierten Entscheidungsfindung einschlie\u00dflich Profiling und ggf. aussagekr\u00e4ftigen Informationen zu deren Einzelheiten verlangen;<br \/>\n- gem\u00e4\u00df Art. 16 DSGVO unverz\u00fcglich die Berichtigung unrichtiger oder Vervollst\u00e4ndigung Ihrer bei uns gespeicherten personenbezogenen Daten zu verlangen;<br \/>\n- gem\u00e4\u00df Art. 17 DSGVO die L\u00f6schung Ihrer bei uns gespeicherten personenbezogenen Daten zu verlangen, soweit nicht die Verarbeitung zur Aus\u00fcbung des Rechts auf freie Meinungs\u00e4u\u00dferung und Information, zur Erf\u00fcllung einer rechtlichen Verpflichtung, aus Gr\u00fcnden des \u00f6ffentlichen Interesses oder zur Geltendmachung, Aus\u00fcbung oder Verteidigung von Rechtsanspr\u00fcchen erforderlich ist;<br \/>\n- gem\u00e4\u00df Art. 18 DSGVO die Einschr\u00e4nkung der Verarbeitung Ihrer personenbezogenen Daten zu verlangen, soweit die Richtigkeit der Daten von Ihnen bestritten wird, die Verarbeitung unrechtm\u00e4\u00dfig ist, Sie aber deren L\u00f6schung ablehnen und wir die Daten nicht mehr ben\u00f6tigen, Sie jedoch diese zur Geltendmachung, Aus\u00fcbung oder Verteidigung von Rechtsanspr\u00fcchen ben\u00f6tigen oder Sie gem\u00e4\u00df Art. 21 DSGVO Widerspruch gegen die Verarbeitung eingelegt haben;<br \/>\n- gem\u00e4\u00df Art. 20 DSGVO Ihre personenbezogenen Daten, die Sie uns bereitgestellt haben, in einem strukturierten, g\u00e4ngigen und maschinenlesebaren Format zu erhalten oder die \u00dcbermittlung an einen anderen Verantwortlichen zu verlangen;<br \/>\n- gem\u00e4\u00df Art. 7 Abs. 3 DSGVO Ihre einmal erteilte Einwilligung jederzeit gegen\u00fcber uns zu widerrufen. Dies hat zur Folge, dass wir die Datenverarbeitung, die auf dieser Einwilligung beruhte, f\u00fcr die Zukunft nicht mehr fortf\u00fchren d\u00fcrfen und<br \/>\n- gem\u00e4\u00df Art. 77 DSGVO sich bei einer Aufsichtsbeh\u00f6rde zu beschweren. In der Regel k\u00f6nnen Sie sich hierf\u00fcr an die Aufsichtsbeh\u00f6rde Ihres \u00fcblichen Aufenthaltsortes oder Arbeitsplatzes oder unseres Kanzleisitzes wenden<br \/>\n- gem\u00e4\u00df Art. 21 DSGVO Widerspruch gegen die Verarbeitung Ihrer personenbezogenen Daten einzulegen, soweit daf\u00fcr Gr\u00fcnde vorliegen, die sich aus Ihrer besonderen Situation ergeben oder sich der Widerspruch gegen Direktwerbung richtet. Im letzteren Fall haben Sie ein generelles Widerspruchsrecht, das ohne Angabe einer besonderen Situation von uns umgesetzt wird. Sie haben die M\u00f6glichkeit, den Widerspruch telefonisch, per E-Mail, per Telefax oder an unsere zu Beginn dieser Datenschutzerkl\u00e4rung aufgef\u00fchrte Postadresse unserer Kanzlei formlos mitzuteilen.<\/p>\n<p>&nbsp;<\/p>\n<h4>6. Speicherungsdauer<\/h4>\n<p>Wir werden Ihre personenbezogenen Daten nur so lange speichern, wie dies zur Erf\u00fcllung der Zwecke erforderlich ist, f\u00fcr die wir sie erhoben haben. Dazu geh\u00f6ren die Erf\u00fcllung von gesetzlichen, buchhalterischen oder Berichtspflichten und, soweit dies f\u00fcr die Kanzlei erforderlich ist Rechtsanspr\u00fcche geltend zu machen oder abzuwehren bis zum Ablauf der entsprechenden Aufbewahrungsfrist oder bis die betreffenden Anspr\u00fcche beglichen sind.<\/p>\n<p>Wenn Sie mehr \u00fcber unsere spezifischen Aufbewahrungsfristen f\u00fcr Ihre personenbezogenen Daten erfahren m\u00f6chten, die in unseren Aufbewahrungsrichtlinien festgelegt sind, k\u00f6nnen Sie uns unter info@kessler-kaiser.de kontaktieren.<br \/>\nNach Ablauf der geltenden Aufbewahrungsfrist werden wir Ihre personenbezogenen Daten gem\u00e4\u00df den geltenden Gesetzen und Vorschriften auf sichere Weise vernichten.<\/p>\n<p>&nbsp;<\/p>\n<h4>7. Datensicherheit<\/h4>\n<p>Zur Gew\u00e4hrung der Datensicherheit erfolgt die \u00dcbertragung der Inhalte unserer Webseite verschl\u00fcsselt nach dem SSL Verfahren gem\u00e4\u00df dem Stand der Technik. Zur Sicherung der Daten werden von uns und den beauftragten Dienstleistern, mit denen entsprechende vertragliche Vereinbarungen getroffen wurden, geeignete Ma\u00dfnahmen nach dem Stand der Technik, insbesondere zur Beschr\u00e4nkung des Zugangs zu den Daten, zum Schutz gegen Ver\u00e4nderungen und Verlust, und zur Vertraulichkeit gem\u00e4\u00df dem Stand der Technik eingesetzt.<\/p>\n<p>&nbsp;<\/p>\n<h4>8. Stand und Aktualisierung dieser Datenschutzerkl\u00e4rung<\/h4>\n<p>Diese Datenschutzerkl\u00e4rung hat den Stand vom September 2020.<\/p>\n<p>Wir behalten uns vor, die Datenschutzerkl\u00e4rung zu gegebener Zeit zu aktualisieren, um den Datenschutz zu verbessern und\/oder anzupassen.<\/p>\n<p>Alle \u00c4nderungen, die wir in Zukunft an unserer Erkl\u00e4rung vornehmen, werden auf dieser Seite ver\u00f6ffentlicht und Ihnen gegebenenfalls per E-Mail mitgeteilt. Bitte sehen Sie regelm\u00e4\u00dfig nach, ob Aktualisierungen oder \u00c4nderungen unserer Erkl\u00e4rung erfolgt sind.<\/p>\n<\/div><\/div><\/div><\/div><\/div><\/div><\/section>","protected":false},"excerpt":{"rendered":"<p>1. Name und Anschrift des f\u00fcr die Verarbeitung Verantwortlichen Verantwortlicher im Sinne der Datenschutz-Grundverordnung, sonstiger in den Mitgliedstaaten der Europ\u00e4ischen Union geltenden Datenschutzgesetze und anderer Bestimmungen mit datenschutzrechtlichem Charakter ist die Rechtsanwaltskanzlei: Rechtsanwalt Dr. Clemens Kessler Schwanenhof 3 97070 W\u00fcrzburg Deutschland Telefon: +49 (0)931.74717 Fax: +49 (0) 931-74712 Email: mail@kessler-kaiser.de Im folgenden auch Kanzlei genannt. [&hellip;]<\/p>\n","protected":false},"author":1,"featured_media":0,"parent":0,"menu_order":0,"comment_status":"closed","ping_status":"closed","template":"","meta":[],"_links":{"self":[{"href":"https:\/\/www.kessler-legal.de\/de\/wp-json\/wp\/v2\/pages\/6614"}],"collection":[{"href":"https:\/\/www.kessler-legal.de\/de\/wp-json\/wp\/v2\/pages"}],"about":[{"href":"https:\/\/www.kessler-legal.de\/de\/wp-json\/wp\/v2\/types\/page"}],"author":[{"embeddable":true,"href":"https:\/\/www.kessler-legal.de\/de\/wp-json\/wp\/v2\/users\/1"}],"replies":[{"embeddable":true,"href":"https:\/\/www.kessler-legal.de\/de\/wp-json\/wp\/v2\/comments?post=6614"}],"version-history":[{"count":16,"href":"https:\/\/www.kessler-legal.de\/de\/wp-json\/wp\/v2\/pages\/6614\/revisions"}],"predecessor-version":[{"id":7714,"href":"https:\/\/www.kessler-legal.de\/de\/wp-json\/wp\/v2\/pages\/6614\/revisions\/7714"}],"wp:attachment":[{"href":"https:\/\/www.kessler-legal.de\/de\/wp-json\/wp\/v2\/media?parent=6614"}],"curies":[{"name":"wp","href":"https:\/\/api.w.org\/{rel}","templated":true}]}}