{"id":7414,"date":"2021-02-17T12:16:31","date_gmt":"2021-02-17T11:16:31","guid":{"rendered":"https:\/\/www.kessler-legal.de\/?page_id=7414"},"modified":"2021-06-22T15:43:42","modified_gmt":"2021-06-22T13:43:42","slug":"florian-kaiser","status":"publish","type":"page","link":"https:\/\/www.kessler-legal.de\/de\/florian-kaiser\/","title":{"rendered":"Florian Kaiser"},"content":{"rendered":"<section class=\"brando_row_1600336322-2-34 no-padding-top md-no-padding-top sm-no-padding-top xs-no-padding-top\"><div class=\"container\"><div class=\"row\"><div class=\"wpb_column brando-column-container brando_column_1600337681-2-25 vc_col-sm-8 col-xs-mobile-fullwidth padding-ten-top md-padding-ten-top\" data-front-class=\"brando-column-container brando_column_1600337681-2-25 col-xs-mobile-fullwidth padding-ten-top md-padding-ten-top\"><div class=\"vc-column-innner-wrapper\"><div class=\"wpd-innner-wrapper\"><h2 class=\"brando-remove-frontend-editor-top alt-font brando-font-setting-69fb40c1ccab6  black-text heading-style3 brando_heading_1607359374-2-35\" style=\"font-weight:600; font-size:42px; line-height:52px; text-transform:uppercase;\">Florian Kaiser<\/h2><span  class=\"alt-font text-uppercase font-weight-600 element-title  heading-style2 brando_heading_1607359374-2-35\" style=\"color:#a7a7a7 !important; text-transform:uppercase;\">RECHTSANWALT \/ OF COUNSEL<\/span><div class=\"brando_text_1523443144-2-81\"><p>Florian Kaiser ist erfahrener Prozessanwalt in den Bereichen allgemeines Zivilrecht, Arbeitsrecht und Familienrecht. Er ist als Counsel f\u00fcr Kessler Legal t\u00e4tig.<\/p>\n<\/div><div class=\"brando_inner_row_1607402838-2-94 brando-inner-row-class padding-five-top md-padding-five-top sm-padding-five-top xs-padding-five-top no-margin-left md-no-margin-left\"><div class=\"wpb_column brando-column-container  vc_col-sm-4 col-xs-mobile-fullwidth\" data-front-class=\"brando-column-container  col-xs-mobile-fullwidth\"><div class=\"vc-column-innner-wrapper\"><div class=\"wpd-innner-wrapper\"><div class=\"margin-ten no-margin-lr clearfix\"><span class=\"alt-font font-weight-600 brando-font-setting-69fb40c1ccc73  black-text heading-style1 brando_heading_1607403430-2-94\" style=\"text-transform:uppercase;\">Schwerpunkte<\/span><\/div><\/div><\/div><\/div><div class=\"wpb_column brando-column-container  vc_col-sm-8 col-xs-mobile-fullwidth\" data-front-class=\"brando-column-container  col-xs-mobile-fullwidth\"><div class=\"vc-column-innner-wrapper\"><div class=\"wpd-innner-wrapper\"><div class=\"brando_text_1607402973-2-43\"><p>Arbeitsrecht, Familienrecht, Mietrecht, Verkehrsrecht und allgemeines Zivilrecht<\/p>\n<\/div><\/div><\/div><\/div><\/div><div class=\"brando_inner_row_1607402838-2-94 brando-inner-row-class\"><div class=\"wpb_column brando-column-container  vc_col-sm-4 col-xs-mobile-fullwidth\" data-front-class=\"brando-column-container  col-xs-mobile-fullwidth\"><div class=\"vc-column-innner-wrapper\"><div class=\"wpd-innner-wrapper\"><div class=\"margin-ten no-margin-lr clearfix\"><span class=\"alt-font font-weight-600  black-text heading-style1 brando_heading_1607403430-2-94\" style=\"text-transform:uppercase;\">Berufserfahrung<\/span><\/div><\/div><\/div><\/div><div class=\"wpb_column brando-column-container  vc_col-sm-8 col-xs-mobile-fullwidth\" data-front-class=\"brando-column-container  col-xs-mobile-fullwidth\"><div class=\"vc-column-innner-wrapper\"><div class=\"wpd-innner-wrapper\"><div class=\"brando_text_1607402973-2-43\"><p>Florian V. H. Kaiser ist seit 2005 Rechtsanwalt. Nach Gr\u00fcndung einer Einzelkanzlei sowie einer Soziet\u00e4t im Jahre 2008 in W\u00fcrzburg kooperiert er seit 2015 mit einer ortsans\u00e4ssigen Kanzlei f\u00fcr Steuerberatung und Wirtschaftspr\u00fcfung. Als erfahrener Prozessanwalt mit \u00fcber 200 F\u00e4llen aus dem Arbeitsrecht, Familienrecht, Mietrecht, Verkehrsrecht und Zivilrecht, liegen seine Schwerpunkte heute auf dem Arbeitsrecht und Familienrecht.<\/p>\n<\/div><\/div><\/div><\/div><\/div><div class=\"brando_inner_row_1607402838-2-94 brando-inner-row-class\"><div class=\"wpb_column brando-column-container brando_inner_column_1608630294-2-40 vc_col-sm-12 col-xs-mobile-fullwidth padding-eleven-top\" data-front-class=\"brando-column-container brando_inner_column_1608630294-2-40 col-xs-mobile-fullwidth padding-eleven-top\"><div class=\"vc-column-innner-wrapper\"><div class=\"wpd-innner-wrapper\"><span  class=\"alt-font text-uppercase font-weight-600 element-title  heading-style2 brando_heading_1607359374-2-35\" style=\"color:#a7a7a7 !important; font-weight:600; font-size:24px; line-height:34px; text-transform:uppercase;\">CURRICULUM VITAE VON FLORIAN KAISER<\/span>[vc_separator color=\"custom\" accent_color=\"#a7a7a7\"]<\/div><\/div><\/div><\/div><div class=\"brando_inner_row_1607402838-2-94 brando-inner-row-class\"><div class=\"wpb_column brando-column-container  vc_col-sm-3 col-xs-mobile-fullwidth\" data-front-class=\"brando-column-container  col-xs-mobile-fullwidth\"><div class=\"vc-column-innner-wrapper\"><div class=\"wpd-innner-wrapper\"><div class=\"brando_text_1607402861-2-37\"><p><span style=\"color: #e31d3b;\">seit 2017<\/span><\/p>\n<\/div><\/div><\/div><\/div><div class=\"wpb_column brando-column-container  vc_col-sm-9 col-xs-mobile-fullwidth\" data-front-class=\"brando-column-container  col-xs-mobile-fullwidth\"><div class=\"vc-column-innner-wrapper\"><div class=\"wpd-innner-wrapper\"><div class=\"brando_text_1607402973-2-43\"><div class=\" brando-inner-row-class\">\n<div class=\"wpb_column brando-column-container vc_col-sm-10 col-xs-mobile-fullwidth\">\n<div class=\"vc-column-innner-wrapper\">\n<div class=\"wpd-innner-wrapper\">\n<div class=\"brando_text_1523443144-2-81\">\n<p>Kooperation mit Rechtsanwalt Dr. Clemens Kessler<\/p>\n<\/div>\n<\/div>\n<\/div>\n<\/div>\n<\/div>\n<\/div><\/div><\/div><\/div><\/div>[vc_separator color=\"custom\" accent_color=\"#a7a7a7\" css=\".vc_custom_1608640737205{margin-left: 15px !important;padding-right: 30px !important;}\"]<div class=\"brando_inner_row_1607402838-2-94 brando-inner-row-class\"><div class=\"wpb_column brando-column-container  vc_col-sm-3 col-xs-mobile-fullwidth\" data-front-class=\"brando-column-container  col-xs-mobile-fullwidth\"><div class=\"vc-column-innner-wrapper\"><div class=\"wpd-innner-wrapper\"><div class=\"brando_text_1607402861-2-37\"><p><span style=\"color: #e31d3b;\">seit 2016<\/span><\/p>\n<\/div><\/div><\/div><\/div><div class=\"wpb_column brando-column-container  vc_col-sm-9 col-xs-mobile-fullwidth\" data-front-class=\"brando-column-container  col-xs-mobile-fullwidth\"><div class=\"vc-column-innner-wrapper\"><div class=\"wpd-innner-wrapper\"><div class=\"brando_text_1607402973-2-43\"><div class=\" brando-inner-row-class\">\n<div class=\"wpb_column brando-column-container vc_col-sm-10 col-xs-mobile-fullwidth\">\n<div class=\"vc-column-innner-wrapper\">\n<div class=\"wpd-innner-wrapper\">\n<div class=\"brando_text_1523443144-2-81\">\n<p>Kooperation mit GVS Gro\u00dfkinsky, Vombach &amp; Kollegen GmbH Steuerberatungsgesellschaft Wirtschaftspr\u00fcfungsgesellschaft<\/p>\n<\/div>\n<\/div>\n<\/div>\n<\/div>\n<\/div>\n<\/div><\/div><\/div><\/div><\/div>[vc_separator color=\"custom\" accent_color=\"#a7a7a7\" css=\".vc_custom_1608640737205{margin-left: 15px !important;padding-right: 30px !important;}\"]<div class=\"brando_inner_row_1607402838-2-94 brando-inner-row-class\"><div class=\"wpb_column brando-column-container  vc_col-sm-3 col-xs-mobile-fullwidth\" data-front-class=\"brando-column-container  col-xs-mobile-fullwidth\"><div class=\"vc-column-innner-wrapper\"><div class=\"wpd-innner-wrapper\"><div class=\"brando_text_1607402861-2-37\"><p><span style=\"color: #e31d3b;\">2006 \u2013 2015<\/span><\/p>\n<\/div><\/div><\/div><\/div><div class=\"wpb_column brando-column-container  vc_col-sm-9 col-xs-mobile-fullwidth\" data-front-class=\"brando-column-container  col-xs-mobile-fullwidth\"><div class=\"vc-column-innner-wrapper\"><div class=\"wpd-innner-wrapper\"><div class=\"brando_text_1607402973-2-43\"><div class=\" brando-inner-row-class\">\n<div class=\"wpb_column brando-column-container vc_col-sm-10 col-xs-mobile-fullwidth\">\n<div class=\"vc-column-innner-wrapper\">\n<div class=\"wpd-innner-wrapper\">\n<div class=\"brando_text_1523443144-2-81\">\n<p>Kanzlei Gahn &amp; Kaiser, W\u00fcrzburg<\/p>\n<\/div>\n<\/div>\n<\/div>\n<\/div>\n<\/div>\n<\/div><\/div><\/div><\/div><\/div>[vc_separator color=\"custom\" accent_color=\"#a7a7a7\" css=\".vc_custom_1608640737205{margin-left: 15px !important;padding-right: 30px !important;}\"]<div class=\"brando_inner_row_1607402838-2-94 brando-inner-row-class\"><div class=\"wpb_column brando-column-container  vc_col-sm-3 col-xs-mobile-fullwidth\" data-front-class=\"brando-column-container  col-xs-mobile-fullwidth\"><div class=\"vc-column-innner-wrapper\"><div class=\"wpd-innner-wrapper\"><div class=\"brando_text_1607402861-2-37\"><p><span style=\"color: #e31d3b;\">2005 - 2006<\/span><\/p>\n<\/div><\/div><\/div><\/div><div class=\"wpb_column brando-column-container  vc_col-sm-9 col-xs-mobile-fullwidth\" data-front-class=\"brando-column-container  col-xs-mobile-fullwidth\"><div class=\"vc-column-innner-wrapper\"><div class=\"wpd-innner-wrapper\"><div class=\"brando_text_1607402973-2-43\"><div class=\" brando-inner-row-class\">\n<div class=\"wpb_column brando-column-container vc_col-sm-10 col-xs-mobile-fullwidth\">\n<div class=\"vc-column-innner-wrapper\">\n<div class=\"wpd-innner-wrapper\">\n<div class=\"brando_text_1523443144-2-81\">\n<p>Kanzlei Florian Kaiser, W\u00fcrzburg<\/p>\n<\/div>\n<\/div>\n<\/div>\n<\/div>\n<\/div>\n<\/div><\/div><\/div><\/div><\/div>[vc_separator color=\"custom\" accent_color=\"#a7a7a7\" css=\".vc_custom_1608640737205{margin-left: 15px !important;padding-right: 30px !important;}\"]<div class=\"brando_inner_row_1607402838-2-94 brando-inner-row-class\"><div class=\"wpb_column brando-column-container  vc_col-sm-3 col-xs-mobile-fullwidth\" data-front-class=\"brando-column-container  col-xs-mobile-fullwidth\"><div class=\"vc-column-innner-wrapper\"><div class=\"wpd-innner-wrapper\"><div class=\"brando_text_1607402861-2-37\"><p><span style=\"color: #e31d1b;\">2005<\/span><\/p>\n<\/div><\/div><\/div><\/div><div class=\"wpb_column brando-column-container  vc_col-sm-9 col-xs-mobile-fullwidth\" data-front-class=\"brando-column-container  col-xs-mobile-fullwidth\"><div class=\"vc-column-innner-wrapper\"><div class=\"wpd-innner-wrapper\"><div class=\"brando_text_1607402973-2-43\"><div class=\" brando-inner-row-class\">\n<div class=\"wpb_column brando-column-container vc_col-sm-10 col-xs-mobile-fullwidth\">\n<div class=\"vc-column-innner-wrapper\">\n<div class=\"wpd-innner-wrapper\">\n<div class=\"brando_text_1523443144-2-81\">\n<p>Zweites Juristisches Staatsexamen, W\u00fcrzburg, Bavaria<\/p>\n<\/div>\n<\/div>\n<\/div>\n<\/div>\n<\/div>\n<\/div><\/div><\/div><\/div><\/div>[vc_separator color=\"custom\" accent_color=\"#a7a7a7\" css=\".vc_custom_1608640737205{margin-left: 15px !important;padding-right: 30px !important;}\"]<div class=\"brando_inner_row_1607402838-2-94 brando-inner-row-class\"><div class=\"wpb_column brando-column-container  vc_col-sm-3 col-xs-mobile-fullwidth\" data-front-class=\"brando-column-container  col-xs-mobile-fullwidth\"><div class=\"vc-column-innner-wrapper\"><div class=\"wpd-innner-wrapper\"><div class=\"brando_text_1607402861-2-37\"><p><span style=\"color: #e31d1b;\">2004<\/span><\/p>\n<\/div><\/div><\/div><\/div><div class=\"wpb_column brando-column-container  vc_col-sm-9 col-xs-mobile-fullwidth\" data-front-class=\"brando-column-container  col-xs-mobile-fullwidth\"><div class=\"vc-column-innner-wrapper\"><div class=\"wpd-innner-wrapper\"><div class=\"brando_text_1607402973-2-43\"><div class=\" brando-inner-row-class\">\n<div class=\"wpb_column brando-column-container vc_col-sm-10 col-xs-mobile-fullwidth\">\n<div class=\"vc-column-innner-wrapper\">\n<div class=\"wpd-innner-wrapper\">\n<div class=\"brando_text_1523443144-2-81\">\n<p>Aufbaustudium an der Steuer- und Wirtschaftsakademie Stuttgart Arbeits- und Wirtschaftsrecht<\/p>\n<\/div>\n<\/div>\n<\/div>\n<\/div>\n<\/div>\n<\/div><\/div><\/div><\/div><\/div>[vc_separator color=\"custom\" accent_color=\"#a7a7a7\" css=\".vc_custom_1608640737205{margin-left: 15px !important;padding-right: 30px !important;}\"]<div class=\"brando_inner_row_1607402838-2-94 brando-inner-row-class\"><div class=\"wpb_column brando-column-container  vc_col-sm-3 col-xs-mobile-fullwidth\" data-front-class=\"brando-column-container  col-xs-mobile-fullwidth\"><div class=\"vc-column-innner-wrapper\"><div class=\"wpd-innner-wrapper\"><div class=\"brando_text_1607402861-2-37\"><p><span style=\"color: #e31d1b;\">2001<\/span><\/p>\n<\/div><\/div><\/div><\/div><div class=\"wpb_column brando-column-container  vc_col-sm-9 col-xs-mobile-fullwidth\" data-front-class=\"brando-column-container  col-xs-mobile-fullwidth\"><div class=\"vc-column-innner-wrapper\"><div class=\"wpd-innner-wrapper\"><div class=\"brando_text_1607402973-2-43\"><div class=\" brando-inner-row-class\">\n<div class=\"wpb_column brando-column-container vc_col-sm-10 col-xs-mobile-fullwidth\">\n<div class=\"vc-column-innner-wrapper\">\n<div class=\"wpd-innner-wrapper\">\n<div class=\"brando_text_1523443144-2-81\">\n<p>Erstes Juristisches Staatsexamen<\/p>\n<\/div>\n<\/div>\n<\/div>\n<\/div>\n<\/div>\n<\/div><\/div><\/div><\/div><\/div>[vc_separator color=\"custom\" accent_color=\"#a7a7a7\" css=\".vc_custom_1608640737205{margin-left: 15px !important;padding-right: 30px !important;}\"]<div class=\" brando-inner-row-class\"><div class=\"wpb_column brando-column-container brando_inner_column_1608633317-2-61 vc_col-sm-12 col-xs-mobile-fullwidth padding-ten-top\" data-front-class=\"brando-column-container brando_inner_column_1608633317-2-61 col-xs-mobile-fullwidth padding-ten-top\"><div class=\"vc-column-innner-wrapper\"><div class=\"wpd-innner-wrapper\"><span  class=\"alt-font text-uppercase font-weight-600 element-title  heading-style2 brando_heading_1607359374-2-35\" style=\"color:#a7a7a7 !important; font-weight:600; font-size:24px; line-height:34px; text-transform:uppercase;\">Publikationen des Rechtsanwalts Florian Kaiser<\/span>[vc_separator color=\"custom\" accent_color=\"#a7a7a7\"]<\/div><\/div><\/div><\/div><div class=\" brando-inner-row-class\"><div class=\"wpb_column brando-column-container  vc_col-sm-12 col-xs-mobile-fullwidth\" data-front-class=\"brando-column-container  col-xs-mobile-fullwidth\"><div class=\"vc-column-innner-wrapper\"><div class=\"wpd-innner-wrapper\"><div class=\"brando_text_1523443144-2-81\"><div class=\" brando-inner-row-class\">\n<div class=\"wpb_column brando-column-container vc_col-sm-12 col-xs-mobile-fullwidth\">\n<div class=\"vc-column-innner-wrapper\">\n<div class=\"wpd-innner-wrapper\">\n<div class=\"brando_text_1523443144-2-81\">\n<p>\"Arbeitsunf\u00e4lle \u2013 Wissenswertes f\u00fcr Entscheider\" - Frankenmanager Ausgabe 07-08\/12<\/p>\n<\/div>\n<\/div>\n<\/div>\n<\/div>\n<\/div>\n<div class=\"vc_separator wpb_content_element vc_separator_align_center vc_sep_width_100 vc_sep_pos_align_center vc_separator_no_text vc_sep_color_grey vc_custom_1523443500742 vc_custom_1523443500742\"><\/div>\n<\/div><\/div><\/div><\/div><\/div>[vc_separator color=\"custom\" accent_color=\"#a7a7a7\" css=\".vc_custom_1608640737205{margin-left: 15px !important;padding-right: 30px !important;}\"]<div class=\" brando-inner-row-class\"><div class=\"wpb_column brando-column-container  vc_col-sm-12 col-xs-mobile-fullwidth\" data-front-class=\"brando-column-container  col-xs-mobile-fullwidth\"><div class=\"vc-column-innner-wrapper\"><div class=\"wpd-innner-wrapper\"><div class=\"brando_text_1523443130-2-98\"><div class=\" brando-inner-row-class\">\n<div class=\"wpb_column brando-column-container vc_col-sm-12 col-xs-mobile-fullwidth\">\n<div class=\"vc-column-innner-wrapper\">\n<div class=\"wpd-innner-wrapper\">\n<div class=\"brando_text_1523443130-2-98\">\n<p>Regelm\u00e4\u00dfiger Autor von Rechtsbeitr\u00e4gen im Magazin Lohnenswert zum Thema Arbeits-, Familien-, Miet- und Verkehrsrecht<\/p>\n<\/div>\n<\/div>\n<\/div>\n<\/div>\n<\/div>\n<\/div><\/div><\/div><\/div><\/div>[vc_separator color=\"custom\" accent_color=\"#a7a7a7\" css=\".vc_custom_1608640737205{margin-left: 15px !important;padding-right: 30px !important;}\"]<\/div><\/div><\/div><div class=\"wpb_column brando-column-container brando_column_1600336963-2-38 vc_col-sm-4 col-xs-mobile-fullwidth single-post-sidebar\" data-front-class=\"brando-column-container brando_column_1600336963-2-38 col-xs-mobile-fullwidth single-post-sidebar\"><div class=\"vc-column-innner-wrapper\"><div class=\"wpd-innner-wrapper\"><div class=\"sidbar_kontakdaten brando_text_1600336026-2-60 padding-twelve-all sm-padding-ten-all xs-padding-ten-all\"><h3>KONTAKT<\/h3>\n<p><strong>ANSCHRIFT<\/strong><br \/>\nKessler Legal<br \/>\nSchwanenhof 3<br \/>\n97070 W\u00fcrzburg, Germany<\/p>\n<p><strong>E-MAIL<\/strong><br \/>\n<a href=\"mailto:info@kessler-legal.de\">info@kessler-legal.de<\/a><\/p>\n<p><strong>TELEFON<\/strong><br \/>\n<a href=\"tel:004993174717\">+49 931 \u2013 74 717<\/a><\/p>\n<hr \/>\n<p><strong>Sprachen<\/strong><br \/>\nDeutsch, Englisch<\/p>\n<p><strong>Rechtsanwalt seit<\/strong><br \/>\n2005<\/p>\n<p><strong>Schwerpunkte<\/strong><br \/>\nArbeitsrecht, Familienrecht, Mietrecht, Verkehrsrecht und allgemeines Zivilrecht<\/p>\n<\/div>[vc_single_image image=\"6958\" img_size=\"full\" css=\".vc_custom_1607355377337{margin-bottom: 111px !important;}\"]<div class=\"right_text2 brando_text_1600336026-2-60 padding-five-all sm-padding-five-all xs-padding-five-all\"><p>Wir unterst\u00fctzen Sie im Kampf gegen F\u00e4lschungen und Produktpiraterie.<\/p>\n<\/div>[vc_single_image image=\"6960\" img_size=\"full\" css=\".vc_custom_1607355113083{margin-top: 84px !important;margin-bottom: 0px !important;}\"][vc_single_image image=\"6962\" img_size=\"full\"]<\/div><\/div><\/div><\/div><\/div><\/section><section class=\"contact_form brando_row_1600932614-2-49\"><div class=\"container\"><div class=\"row\"><div class=\"wpb_column brando-column-container brando_column_1600959392-2-99 vc_col-sm-8 col-xs-mobile-fullwidth\" data-front-class=\"brando-column-container brando_column_1600959392-2-99 col-xs-mobile-fullwidth\"><div class=\"vc-column-innner-wrapper\"><div class=\"wpd-innner-wrapper\">[vc_empty_space height=\"30px\" el_class=\"space\"]<p class=\"brando-remove-frontend-editor-top alt-font brando-font-setting-69fb40c1cdaaf  white-text heading_newsletter heading-style3 brando_heading_1600934190-2-1\" style=\"font-weight:700; font-size:24px; line-height:34px; text-transform:uppercase;\">EXKLUSIVE INFORMATIONEN?<\/p><div class=\"text_contact_markenschutz brando_text_1600960140-2-85\"><p>In unserer quartalsweise erscheinenden Themenserie \u201eBrand Protection\u201c unterrichten wir Sie per E-Mail-Newsletter gezielt zu den wichtigsten Handlungsfeldern unserer Kanzlei. Melden Sie sich \u00fcber folgendes Formular an, wir freuen uns, Sie \u00fcber aktuelle Themen zu informieren.<\/p>\n<\/div><div class=\"text_contact_markenschutz brando_text_1600947948-2-11\"><script>(function() {\n\twindow.mc4wp = window.mc4wp || {\n\t\tlisteners: [],\n\t\tforms: {\n\t\t\ton: function(evt, cb) {\n\t\t\t\twindow.mc4wp.listeners.push(\n\t\t\t\t\t{\n\t\t\t\t\t\tevent   : evt,\n\t\t\t\t\t\tcallback: cb\n\t\t\t\t\t}\n\t\t\t\t);\n\t\t\t}\n\t\t}\n\t}\n})();\n<\/script><!-- Mailchimp for WordPress v4.9.3 - https:\/\/wordpress.org\/plugins\/mailchimp-for-wp\/ --><form id=\"mc4wp-form-1\" class=\"mc4wp-form mc4wp-form-6971\" method=\"post\" data-id=\"6971\" data-name=\"Anmeldeformular\" ><div class=\"mc4wp-form-fields\"><p>\r\n\t<label>\r\n\t\t<input type=\"email\" name=\"EMAIL\" placeholder=\"IHRE E-MAIL-ADRESSE\" required \/>\r\n<\/label>\r\n<\/p>\r\n\r\n\r\n\t<label>\r\n        <input name=\"AGREE_TO_TERMS\" type=\"checkbox\" value=\"1\" required=\"\"> \r\n\t<p>\r\n      \t\tJa, ich bin einverstanden, dass mich KESSLER LEGAL per E-Mail \u00fcber Angebote informiert. Ich kann mich jederzeit \u00fcber den Abmeldelink oder per E-Mail an info@kessler-legal.de abmelden. Weitere Informationen finde ich in der <a href=\"https:\/\/www.kessler-legal.de\/de\/datenschutz\/\">Datenschutzerkl\u00e4rung<\/a>.\r\n      <\/p>\r\n\t<\/label>\r\n\r\n\r\n<p>\r\n\t<input type=\"submit\" value=\"JETZT KOSTENLOS ANMELDEN!\" \/>\r\n<\/p><\/div><label style=\"display: none !important;\">Wenn du ein Mensch bist, lasse das Feld leer: <input type=\"text\" name=\"_mc4wp_honeypot\" value=\"\" tabindex=\"-1\" autocomplete=\"off\" \/><\/label><input type=\"hidden\" name=\"_mc4wp_timestamp\" value=\"1778073793\" \/><input type=\"hidden\" name=\"_mc4wp_form_id\" value=\"6971\" \/><input type=\"hidden\" name=\"_mc4wp_form_element_id\" value=\"mc4wp-form-1\" \/><div class=\"mc4wp-response\"><\/div><\/form><!-- \/ Mailchimp for WordPress Plugin -->\n<\/div><\/div><\/div><\/div><div class=\"wpb_column brando-column-container  vc_col-sm-4 col-xs-mobile-fullwidth\" data-front-class=\"brando-column-container  col-xs-mobile-fullwidth\"><div class=\"vc-column-innner-wrapper\"><div class=\"wpd-innner-wrapper\"><\/div><\/div><\/div><\/div><\/div><\/section>","protected":false},"excerpt":{"rendered":"<p>Florian KaiserRECHTSANWALT \/ OF COUNSELFlorian Kaiser ist erfahrener Prozessanwalt in den Bereichen allgemeines Zivilrecht, Arbeitsrecht und Familienrecht. Er ist als Counsel f\u00fcr Kessler Legal t\u00e4tig. SchwerpunkteArbeitsrecht, Familienrecht, Mietrecht, Verkehrsrecht und allgemeines Zivilrecht BerufserfahrungFlorian V. H. Kaiser ist seit 2005 Rechtsanwalt. Nach Gr\u00fcndung einer Einzelkanzlei sowie einer Soziet\u00e4t im Jahre 2008 in W\u00fcrzburg kooperiert er seit [&hellip;]<\/p>\n","protected":false},"author":6,"featured_media":0,"parent":0,"menu_order":0,"comment_status":"closed","ping_status":"closed","template":"","meta":[],"_links":{"self":[{"href":"https:\/\/www.kessler-legal.de\/de\/wp-json\/wp\/v2\/pages\/7414"}],"collection":[{"href":"https:\/\/www.kessler-legal.de\/de\/wp-json\/wp\/v2\/pages"}],"about":[{"href":"https:\/\/www.kessler-legal.de\/de\/wp-json\/wp\/v2\/types\/page"}],"author":[{"embeddable":true,"href":"https:\/\/www.kessler-legal.de\/de\/wp-json\/wp\/v2\/users\/6"}],"replies":[{"embeddable":true,"href":"https:\/\/www.kessler-legal.de\/de\/wp-json\/wp\/v2\/comments?post=7414"}],"version-history":[{"count":15,"href":"https:\/\/www.kessler-legal.de\/de\/wp-json\/wp\/v2\/pages\/7414\/revisions"}],"predecessor-version":[{"id":7693,"href":"https:\/\/www.kessler-legal.de\/de\/wp-json\/wp\/v2\/pages\/7414\/revisions\/7693"}],"wp:attachment":[{"href":"https:\/\/www.kessler-legal.de\/de\/wp-json\/wp\/v2\/media?parent=7414"}],"curies":[{"name":"wp","href":"https:\/\/api.w.org\/{rel}","templated":true}]}}